{"id":314,"date":"2017-02-26T17:13:44","date_gmt":"2017-02-26T16:13:44","guid":{"rendered":"http:\/\/www.filipstad-hallefors.se\/korskyrkan\/?page_id=314"},"modified":"2018-05-15T09:48:50","modified_gmt":"2018-05-15T07:48:50","slug":"forsamlingens-vision","status":"publish","type":"page","link":"https:\/\/www.filipstad-hallefors.se\/korskyrkan\/?page_id=314","title":{"rendered":"F\u00f6rsamlingens vision"},"content":{"rendered":"<p><strong>F\u00f6rsamlingens vision<\/strong><\/p>\n<p>Vi vill vara en f\u00f6rsamling som v\u00e4xer i v\u00e5r k\u00e4rlek till Gud, varandra och v\u00e4rlden.<br \/>\nM\u00e4nniskor kommer till f\u00f6rsamlingens modersfamn och fadershj\u00e4rta.<br \/>\nJesus Kristus blir k\u00e4nd, trodd och efterf\u00f6ljd.<br \/>\nMedlemmar blir utrustade till tj\u00e4nst och v\u00e4xer i de andliga g\u00e5vor som Gud ger.<\/p>\n","protected":false},"excerpt":{"rendered":"<p>F\u00f6rsamlingens vision Vi vill vara en f\u00f6rsamling som v\u00e4xer i v\u00e5r k\u00e4rlek till Gud, varandra och v\u00e4rlden. M\u00e4nniskor kommer till f\u00f6rsamlingens modersfamn och fadershj\u00e4rta. Jesus Kristus blir k\u00e4nd, trodd och efterf\u00f6ljd. Medlemmar blir utrustade till tj\u00e4nst och v\u00e4xer i de andliga g\u00e5vor som Gud ger.<\/p>\n","protected":false},"author":2,"featured_media":0,"parent":0,"menu_order":3,"comment_status":"open","ping_status":"open","template":"","meta":{"footnotes":""},"class_list":["post-314","page","type-page","status-publish","hentry"],"_links":{"self":[{"href":"https:\/\/www.filipstad-hallefors.se\/korskyrkan\/index.php?rest_route=\/wp\/v2\/pages\/314"}],"collection":[{"href":"https:\/\/www.filipstad-hallefors.se\/korskyrkan\/index.php?rest_route=\/wp\/v2\/pages"}],"about":[{"href":"https:\/\/www.filipstad-hallefors.se\/korskyrkan\/index.php?rest_route=\/wp\/v2\/types\/page"}],"author":[{"embeddable":true,"href":"https:\/\/www.filipstad-hallefors.se\/korskyrkan\/index.php?rest_route=\/wp\/v2\/users\/2"}],"replies":[{"embeddable":true,"href":"https:\/\/www.filipstad-hallefors.se\/korskyrkan\/index.php?rest_route=%2Fwp%2Fv2%2Fcomments&post=314"}],"version-history":[{"count":1,"href":"https:\/\/www.filipstad-hallefors.se\/korskyrkan\/index.php?rest_route=\/wp\/v2\/pages\/314\/revisions"}],"predecessor-version":[{"id":315,"href":"https:\/\/www.filipstad-hallefors.se\/korskyrkan\/index.php?rest_route=\/wp\/v2\/pages\/314\/revisions\/315"}],"wp:attachment":[{"href":"https:\/\/www.filipstad-hallefors.se\/korskyrkan\/index.php?rest_route=%2Fwp%2Fv2%2Fmedia&parent=314"}],"curies":[{"name":"wp","href":"https:\/\/api.w.org\/{rel}","templated":true}]}}