{"id":22,"date":"2025-06-03T09:14:10","date_gmt":"2025-06-03T07:14:10","guid":{"rendered":"http:\/\/www.filipstad-hallefors.se\/korskyrkan\/?page_id=22"},"modified":"2025-06-03T09:14:10","modified_gmt":"2025-06-03T07:14:10","slug":"ungdom","status":"publish","type":"page","link":"https:\/\/www.filipstad-hallefors.se\/korskyrkan\/?page_id=22","title":{"rendered":"Ungdom"},"content":{"rendered":"<p>V\u00e4lkommen till v\u00e5ra Ungdomssamlingar i Korskyrkan!<\/p>\n<p>Fredagar kl. 19.00! <span style=\"color: #008000;\">Har nu sommaruppeh\u00e5ll!<\/span><\/p>\n<p>V\u00e4lkomna!!<\/p>\n","protected":false},"excerpt":{"rendered":"<p>V\u00e4lkommen till v\u00e5ra Ungdomssamlingar i Korskyrkan! Fredagar kl. 19.00! Har nu sommaruppeh\u00e5ll! V\u00e4lkomna!!<\/p>\n","protected":false},"author":1,"featured_media":0,"parent":0,"menu_order":5,"comment_status":"open","ping_status":"open","template":"","meta":{"footnotes":""},"class_list":["post-22","page","type-page","status-publish","hentry"],"_links":{"self":[{"href":"https:\/\/www.filipstad-hallefors.se\/korskyrkan\/index.php?rest_route=\/wp\/v2\/pages\/22"}],"collection":[{"href":"https:\/\/www.filipstad-hallefors.se\/korskyrkan\/index.php?rest_route=\/wp\/v2\/pages"}],"about":[{"href":"https:\/\/www.filipstad-hallefors.se\/korskyrkan\/index.php?rest_route=\/wp\/v2\/types\/page"}],"author":[{"embeddable":true,"href":"https:\/\/www.filipstad-hallefors.se\/korskyrkan\/index.php?rest_route=\/wp\/v2\/users\/1"}],"replies":[{"embeddable":true,"href":"https:\/\/www.filipstad-hallefors.se\/korskyrkan\/index.php?rest_route=%2Fwp%2Fv2%2Fcomments&post=22"}],"version-history":[{"count":15,"href":"https:\/\/www.filipstad-hallefors.se\/korskyrkan\/index.php?rest_route=\/wp\/v2\/pages\/22\/revisions"}],"predecessor-version":[{"id":1426,"href":"https:\/\/www.filipstad-hallefors.se\/korskyrkan\/index.php?rest_route=\/wp\/v2\/pages\/22\/revisions\/1426"}],"wp:attachment":[{"href":"https:\/\/www.filipstad-hallefors.se\/korskyrkan\/index.php?rest_route=%2Fwp%2Fv2%2Fmedia&parent=22"}],"curies":[{"name":"wp","href":"https:\/\/api.w.org\/{rel}","templated":true}]}}